{"id":8216,"date":"2024-05-10T11:13:24","date_gmt":"2024-05-10T09:13:24","guid":{"rendered":"https:\/\/tcrplastics.eu\/esg\/"},"modified":"2024-06-04T16:21:05","modified_gmt":"2024-06-04T14:21:05","slug":"esg","status":"publish","type":"page","link":"https:\/\/tcrplastics.eu\/es\/esg\/","title":{"rendered":"ESG"},"content":{"rendered":"[vc_row type=\u00bbfull_width_content\u00bb full_screen_row_position=\u00bbmiddle\u00bb column_margin=\u00bbdefault\u00bb equal_height=\u00bbyes\u00bb content_placement=\u00bbmiddle\u00bb column_direction=\u00bbdefault\u00bb column_direction_tablet=\u00bbdefault\u00bb column_direction_phone=\u00bbdefault\u00bb bg_image=\u00bb8049&#8243; bg_position=\u00bbcenter center\u00bb bg_repeat=\u00bbno-repeat\u00bb scene_position=\u00bbcenter\u00bb top_padding=\u00bb10%\u00bb bottom_padding=\u00bb15%\u00bb text_color=\u00bblight\u00bb text_align=\u00bbleft\u00bb row_border_radius=\u00bbnone\u00bb row_border_radius_applies=\u00bbbg\u00bb overlay_strength=\u00bb0.3&#8243; gradient_direction=\u00bbleft_to_right\u00bb shape_divider_position=\u00bbbottom\u00bb bg_image_animation=\u00bbnone\u00bb shape_type=\u00bb\u00bb][vc_column column_padding=\u00bbno-extra-padding\u00bb column_padding_tablet=\u00bbinherit\u00bb column_padding_phone=\u00bbinherit\u00bb column_padding_position=\u00bball\u00bb background_color_opacity=\u00bb1&#8243; background_hover_color_opacity=\u00bb1&#8243; column_shadow=\u00bbnone\u00bb column_border_radius=\u00bbnone\u00bb column_link_target=\u00bb_self\u00bb gradient_direction=\u00bbleft_to_right\u00bb overlay_strength=\u00bb0.3&#8243; width=\u00bb1\/2&#8243; tablet_width_inherit=\u00bbdefault\u00bb tablet_text_alignment=\u00bbdefault\u00bb phone_text_alignment=\u00bbdefault\u00bb column_border_width=\u00bbnone\u00bb column_border_style=\u00bbsolid\u00bb bg_image_animation=\u00bbnone\u00bb][vc_row_inner column_margin=\u00bbdefault\u00bb column_direction=\u00bbdefault\u00bb column_direction_tablet=\u00bbdefault\u00bb column_direction_phone=\u00bbdefault\u00bb text_align=\u00bbleft\u00bb][vc_column_inner column_padding=\u00bbno-extra-padding\u00bb column_padding_tablet=\u00bbinherit\u00bb column_padding_phone=\u00bbinherit\u00bb column_padding_position=\u00bball\u00bb background_color_opacity=\u00bb1&#8243; background_hover_color_opacity=\u00bb1&#8243; column_shadow=\u00bbnone\u00bb column_border_radius=\u00bbnone\u00bb column_link_target=\u00bb_self\u00bb gradient_direction=\u00bbleft_to_right\u00bb overlay_strength=\u00bb0.3&#8243; width=\u00bb1\/1&#8243; tablet_width_inherit=\u00bbdefault\u00bb column_border_width=\u00bbnone\u00bb column_border_style=\u00bbsolid\u00bb bg_image_animation=\u00bbnone\u00bb][\/vc_column_inner][\/vc_row_inner][vc_row_inner column_margin=\u00bbdefault\u00bb column_direction=\u00bbdefault\u00bb column_direction_tablet=\u00bbdefault\u00bb column_direction_phone=\u00bbdefault\u00bb text_align=\u00bbleft\u00bb][vc_column_inner column_padding=\u00bbno-extra-padding\u00bb column_padding_tablet=\u00bbinherit\u00bb column_padding_phone=\u00bbinherit\u00bb column_padding_position=\u00bball\u00bb background_color_opacity=\u00bb1&#8243; background_hover_color_opacity=\u00bb1&#8243; column_shadow=\u00bbnone\u00bb column_border_radius=\u00bbnone\u00bb column_link_target=\u00bb_self\u00bb gradient_direction=\u00bbleft_to_right\u00bb overlay_strength=\u00bb0.3&#8243; width=\u00bb1\/1&#8243; tablet_width_inherit=\u00bbdefault\u00bb column_border_width=\u00bbnone\u00bb column_border_style=\u00bbsolid\u00bb bg_image_animation=\u00bbnone\u00bb][\/vc_column_inner][\/vc_row_inner][\/vc_column][vc_column column_padding=\u00bbno-extra-padding\u00bb column_padding_tablet=\u00bbinherit\u00bb column_padding_phone=\u00bbinherit\u00bb column_padding_position=\u00bball\u00bb background_color_opacity=\u00bb1&#8243; background_hover_color_opacity=\u00bb1&#8243; column_shadow=\u00bbnone\u00bb column_border_radius=\u00bbnone\u00bb column_link_target=\u00bb_self\u00bb gradient_direction=\u00bbleft_to_right\u00bb overlay_strength=\u00bb0.3&#8243; width=\u00bb1\/2&#8243; tablet_width_inherit=\u00bbdefault\u00bb tablet_text_alignment=\u00bbdefault\u00bb phone_text_alignment=\u00bbdefault\u00bb column_border_width=\u00bbnone\u00bb column_border_style=\u00bbsolid\u00bb bg_image_animation=\u00bbnone\u00bb][\/vc_column][\/vc_row][vc_row type=\u00bbfull_width_background\u00bb full_screen_row_position=\u00bbmiddle\u00bb column_margin=\u00bbdefault\u00bb column_direction=\u00bbdefault\u00bb column_direction_tablet=\u00bbdefault\u00bb column_direction_phone=\u00bbdefault\u00bb bg_color=\u00bb#ffffff\u00bb scene_position=\u00bbcenter\u00bb top_padding=\u00bb5%\u00bb bottom_padding=\u00bb0%\u00bb text_color=\u00bbdark\u00bb text_align=\u00bbleft\u00bb row_border_radius=\u00bbnone\u00bb row_border_radius_applies=\u00bbbg\u00bb id=\u00bbabout-text\u00bb overlay_strength=\u00bb1&#8243; gradient_direction=\u00bbleft_to_right\u00bb shape_divider_position=\u00bbbottom\u00bb bg_image_animation=\u00bbnone\u00bb shape_type=\u00bb\u00bb][vc_column column_padding=\u00bbno-extra-padding\u00bb column_padding_tablet=\u00bbinherit\u00bb column_padding_phone=\u00bbinherit\u00bb column_padding_position=\u00bball\u00bb background_color_opacity=\u00bb1&#8243; background_hover_color_opacity=\u00bb1&#8243; column_shadow=\u00bbnone\u00bb column_border_radius=\u00bbnone\u00bb column_link_target=\u00bb_self\u00bb gradient_direction=\u00bbleft_to_right\u00bb overlay_strength=\u00bb0.3&#8243; width=\u00bb1\/1&#8243; tablet_width_inherit=\u00bbdefault\u00bb tablet_text_alignment=\u00bbdefault\u00bb phone_text_alignment=\u00bbdefault\u00bb column_border_width=\u00bbnone\u00bb column_border_style=\u00bbsolid\u00bb bg_image_animation=\u00bbnone\u00bb enable_animation=\u00bbtrue\u00bb animation=\u00bbnone\u00bb][vc_column_text]\n<h3>Informe ESG 2023<\/h3>\n[\/vc_column_text][vc_column_text css=\u00bb.vc_custom_1715332368235{padding-right: 10% !important;}\u00bb]\n<div class=\"wpb_text_column wpb_content_element vc_custom_1712644923719\">\n<div class=\"wpb_wrapper\">\n<div class=\"page\" title=\"Page 3\">\n<div class=\"layoutArea\">\n<div class=\"column\">\n<p>TCR Plastics presenta su primer informe ESG con orgullo, marcando el comienzo de una transformaci\u00f3n en nuestras pr\u00e1cticas de publicaci\u00f3n. Aunque hemos estado activos en iniciativas ESG durante mucho tiempo, este a\u00f1o marca un punto de inflexi\u00f3n. Como empresa, hemos decidido proporcionar informes concretos sobre estos esfuerzos para analizar y mejorar a\u00fan m\u00e1s el impacto que tenemos en la sociedad y el medio ambiente. Creemos que ESG se volver\u00e1 cada vez m\u00e1s tangible, a\u00f1adiendo valor a lo largo de toda la cadena de suministro.<\/p>\n<\/div>\n<\/div>\n<\/div>\n<\/div>\n<\/div>\n[\/vc_column_text][vc_row_inner column_margin=\u00bbdefault\u00bb column_direction=\u00bbdefault\u00bb column_direction_tablet=\u00bbdefault\u00bb column_direction_phone=\u00bbdefault\u00bb text_align=\u00bbleft\u00bb][vc_column_inner column_padding=\u00bbno-extra-padding\u00bb column_padding_tablet=\u00bbinherit\u00bb column_padding_phone=\u00bbno-extra-padding\u00bb column_padding_position=\u00bball\u00bb background_color_opacity=\u00bb1&#8243; background_hover_color_opacity=\u00bb1&#8243; column_shadow=\u00bbnone\u00bb column_border_radius=\u00bbnone\u00bb column_link_target=\u00bb_self\u00bb gradient_direction=\u00bbleft_to_right\u00bb overlay_strength=\u00bb0.3&#8243; width=\u00bb1\/2&#8243; tablet_width_inherit=\u00bbdefault\u00bb column_border_width=\u00bbnone\u00bb column_border_style=\u00bbsolid\u00bb bg_image_animation=\u00bbnone\u00bb][vc_column_text css=\u00bb.vc_custom_1717510863607{padding-right: 10% !important;}\u00bb]La informaci\u00f3n que proporcionamos est\u00e1 evolucionando. El enfoque ya no se centra \u00fanicamente en informaci\u00f3n financiera, sino tambi\u00e9n informaci\u00f3n alineada con los est\u00e1ndares de la Iniciativa de Reporte Global (GRI). Este cambio reconoce la importancia de divulgar de manera transparente nuestras pr\u00e1cticas ambientales, sociales, y de gobernanza junto con los datos financieros. Al adoptar un marco integral de informes, nuestro objetivo es proporcionar una visi\u00f3n hol\u00edstica de nuestro desempe\u00f1o y progreso en sostenibilidad.<\/p>\n<p>Es importante se\u00f1alar que nuestra industria a\u00fan se encuentra en las primeras etapas del reporte sostenible. Este proceso evolucionar\u00e1 con el tiempo, fomentando la cohesi\u00f3n en la documentaci\u00f3n internacional. A medida que vayamos evolucionando, anticipamos una mejora continua, as\u00ed como colaboraciones en la industria para refinar y estandarizar las pr\u00e1cticas de reporte sostenible.<\/p>\n<p>\u2013 <a class=\"_df_link \"  href=\"#\"  data-slug=\"code-of-conduct-english\" data-_slug=\"code-of-conduct-english\" _slug=\"code-of-conduct-english\" data-title=\"code-of-conduct-english\" id=\"df_8299\" data-df-option=\"df_option_8299\"  >Code of conduct &#8211; English<\/a><script class=\"df-shortcode-script\" nowprocket type=\"application\/javascript\">window.df_option_8299 = {\"source\":\"https:\\\/\\\/tcrplastics.eu\\\/wp-content\\\/uploads\\\/2024\\\/06\\\/Code-of-conduct_ENG.pdf\",\"outline\":[],\"autoEnableOutline\":false,\"autoEnableThumbnail\":false,\"overwritePDFOutline\":false,\"pageSize\":\"0\",\"slug\":\"code-of-conduct-english\",\"wpOptions\":\"true\",\"id\":8299}; if(window.DFLIP && window.DFLIP.parseBooks){window.DFLIP.parseBooks();}<\/script>[\/vc_column_text][\/vc_column_inner][vc_column_inner column_padding=\u00bbno-extra-padding\u00bb column_padding_tablet=\u00bbinherit\u00bb column_padding_phone=\u00bbinherit\u00bb column_padding_position=\u00bball\u00bb background_color_opacity=\u00bb1&#8243; background_hover_color_opacity=\u00bb1&#8243; column_shadow=\u00bbnone\u00bb column_border_radius=\u00bbnone\u00bb column_link_target=\u00bb_self\u00bb gradient_direction=\u00bbleft_to_right\u00bb overlay_strength=\u00bb0.3&#8243; width=\u00bb1\/2&#8243; tablet_width_inherit=\u00bbdefault\u00bb column_border_width=\u00bbnone\u00bb column_border_style=\u00bbsolid\u00bb bg_image_animation=\u00bbnone\u00bb][vc_column_text css=\u00bb.vc_custom_1715332401630{padding-right: 10% !important;}\u00bb]El objetivo principal de esta iniciativa es desarrollar una estrategia de sostenibilidad a trav\u00e9s del an\u00e1lisis de materialidad, identificando objetivos espec\u00edficos, acciones, y KPIs medibles. Con este objetivo, se inici\u00f3 un proceso CSRD (Corporate Sustainability Reporting and Disclosure), aprovechando la experiencia de socios como Green by Blue. Una evaluaci\u00f3n entre las partes interesadas y nosotros mismos llev\u00f3 a la identificaci\u00f3n de temas superpuestos, que fueron validados y materializados por un auditor externo. Los pilares resultantes de este proceso se describen en este informe. Esto no solo refleja nuestro compromiso con la sostenibilidad, sino que tambi\u00e9n sirve como un marco transparente para medir e informar el progreso de ESG.<\/p>\n<p>Esperamos trabajar con nuestros grupos de inter\u00e9s en direcci\u00f3n a un futuro sostenible, con este paso inicial de informes marcando el comienzo de una trayectoria hacia un impacto positivo.[\/vc_column_text][\/vc_column_inner][\/vc_row_inner][divider line_type=\u00bbNo Line\u00bb custom_height=\u00bb50&#8243; custom_height_phone=\u00bb0&#8243;][\/vc_column][\/vc_row][vc_row type=\u00bbfull_width_background\u00bb full_screen_row_position=\u00bbmiddle\u00bb column_margin=\u00bbdefault\u00bb column_direction=\u00bbdefault\u00bb column_direction_tablet=\u00bbdefault\u00bb column_direction_phone=\u00bbdefault\u00bb scene_position=\u00bbcenter\u00bb top_padding=\u00bb-25%\u00bb bottom_padding=\u00bb2%\u00bb text_color=\u00bbdark\u00bb text_align=\u00bbleft\u00bb row_border_radius=\u00bbnone\u00bb row_border_radius_applies=\u00bbbg\u00bb zindex=\u00bb10&#8243; overlay_strength=\u00bb0.3&#8243; gradient_direction=\u00bbleft_to_right\u00bb shape_divider_position=\u00bbbottom\u00bb bg_image_animation=\u00bbnone\u00bb shape_type=\u00bbstraight_section\u00bb][vc_column column_padding=\u00bbno-extra-padding\u00bb column_padding_tablet=\u00bbinherit\u00bb column_padding_phone=\u00bbinherit\u00bb column_padding_position=\u00bball\u00bb background_color_opacity=\u00bb1&#8243; background_hover_color_opacity=\u00bb1&#8243; column_shadow=\u00bbnone\u00bb column_border_radius=\u00bbnone\u00bb column_link_target=\u00bb_self\u00bb gradient_direction=\u00bbleft_to_right\u00bb overlay_strength=\u00bb0.3&#8243; width=\u00bb1\/1&#8243; tablet_width_inherit=\u00bbdefault\u00bb tablet_text_alignment=\u00bbdefault\u00bb phone_text_alignment=\u00bbdefault\u00bb column_border_width=\u00bbnone\u00bb column_border_style=\u00bbsolid\u00bb bg_image_animation=\u00bbnone\u00bb enable_animation=\u00bbtrue\u00bb animation=\u00bbfade-in\u00bb][vc_column_text]\n<p style=\"text-align: center;\"><div class=\"_df_book df-container df-loading \"  data-slug=\"esg-report\" data-_slug=\"esg-report\" _slug=\"esg-report\" data-title=\"esg-report\" id=\"df_8043\" data-df-option=\"df_option_8043\" ><\/div><script class=\"df-shortcode-script\" nowprocket type=\"application\/javascript\">window.df_option_8043 = {\"source\":\"https:\\\/\\\/tcrplastics.eu\\\/wp-content\\\/uploads\\\/2024\\\/04\\\/ESG-rapport_V6-spreads_compressed.pdf\",\"outline\":[],\"backgroundColor\":\"#ffffff\",\"autoEnableOutline\":false,\"autoEnableThumbnail\":false,\"overwritePDFOutline\":false,\"pageSize\":\"0\",\"direction\":\"1\",\"slug\":\"esg-report\",\"wpOptions\":\"true\",\"id\":8043}; if(window.DFLIP && window.DFLIP.parseBooks){window.DFLIP.parseBooks();}<\/script>\n[\/vc_column_text][\/vc_column][\/vc_row]\n","protected":false},"excerpt":{"rendered":"<p>[vc_row type=\u00bbfull_width_content\u00bb full_screen_row_position=\u00bbmiddle\u00bb column_margin=\u00bbdefault\u00bb equal_height=\u00bbyes\u00bb content_placement=\u00bbmiddle\u00bb column_direction=\u00bbdefault\u00bb column_direction_tablet=\u00bbdefault\u00bb column_direction_phone=\u00bbdefault\u00bb bg_image=\u00bb8049&#8243; bg_position=\u00bbcenter center\u00bb bg_repeat=\u00bbno-repeat\u00bb scene_position=\u00bbcenter\u00bb top_padding=\u00bb10%\u00bb bottom_padding=\u00bb15%\u00bb text_color=\u00bblight\u00bb text_align=\u00bbleft\u00bb row_border_radius=\u00bbnone\u00bb row_border_radius_applies=\u00bbbg\u00bb overlay_strength=\u00bb0.3&#8243; gradient_direction=\u00bbleft_to_right\u00bb shape_divider_position=\u00bbbottom\u00bb bg_image_animation=\u00bbnone\u00bb shape_type=\u00bb\u00bb][vc_column&#8230;<\/p>\n","protected":false},"author":1,"featured_media":0,"parent":0,"menu_order":0,"comment_status":"closed","ping_status":"closed","template":"","meta":{"_monsterinsights_skip_tracking":false,"_monsterinsights_sitenote_active":false,"_monsterinsights_sitenote_note":"","_monsterinsights_sitenote_category":0,"footnotes":""},"class_list":["post-8216","page","type-page","status-publish"],"yoast_head":"<!-- This site is optimized with the Yoast SEO plugin v27.4 - https:\/\/yoast.com\/product\/yoast-seo-wordpress\/ -->\n<title>ESG - TCR Plastics<\/title>\n<meta name=\"robots\" content=\"index, follow, max-snippet:-1, max-image-preview:large, max-video-preview:-1\" \/>\n<link rel=\"canonical\" href=\"https:\/\/tcrplastics.eu\/es\/esg\/\" \/>\n<meta property=\"og:locale\" content=\"es_ES\" \/>\n<meta property=\"og:type\" content=\"article\" \/>\n<meta property=\"og:title\" content=\"ESG - TCR Plastics\" \/>\n<meta property=\"og:description\" content=\"[vc_row type=\u00bbfull_width_content\u00bb full_screen_row_position=\u00bbmiddle\u00bb column_margin=\u00bbdefault\u00bb equal_height=\u00bbyes\u00bb content_placement=\u00bbmiddle\u00bb column_direction=\u00bbdefault\u00bb column_direction_tablet=\u00bbdefault\u00bb column_direction_phone=\u00bbdefault\u00bb bg_image=\u00bb8049&#8243; bg_position=\u00bbcenter center\u00bb bg_repeat=\u00bbno-repeat\u00bb scene_position=\u00bbcenter\u00bb top_padding=\u00bb10%\u00bb bottom_padding=\u00bb15%\u00bb text_color=\u00bblight\u00bb text_align=\u00bbleft\u00bb row_border_radius=\u00bbnone\u00bb row_border_radius_applies=\u00bbbg\u00bb overlay_strength=\u00bb0.3&#8243; gradient_direction=\u00bbleft_to_right\u00bb shape_divider_position=\u00bbbottom\u00bb bg_image_animation=\u00bbnone\u00bb shape_type=\u00bb\u00bb][vc_column...\" \/>\n<meta property=\"og:url\" content=\"https:\/\/tcrplastics.eu\/es\/esg\/\" \/>\n<meta property=\"og:site_name\" content=\"TCR Plastics\" \/>\n<meta property=\"article:modified_time\" content=\"2024-06-04T14:21:05+00:00\" \/>\n<meta name=\"twitter:card\" content=\"summary_large_image\" \/>\n<meta name=\"twitter:label1\" content=\"Tiempo de lectura\" \/>\n\t<meta name=\"twitter:data1\" content=\"3 minutos\" \/>\n<script type=\"application\/ld+json\" class=\"yoast-schema-graph\">{\"@context\":\"https:\\\/\\\/schema.org\",\"@graph\":[{\"@type\":\"WebPage\",\"@id\":\"https:\\\/\\\/tcrplastics.eu\\\/es\\\/esg\\\/\",\"url\":\"https:\\\/\\\/tcrplastics.eu\\\/es\\\/esg\\\/\",\"name\":\"ESG - TCR Plastics\",\"isPartOf\":{\"@id\":\"https:\\\/\\\/tcrplastics.eu\\\/es\\\/#website\"},\"datePublished\":\"2024-05-10T09:13:24+00:00\",\"dateModified\":\"2024-06-04T14:21:05+00:00\",\"inLanguage\":\"es\",\"potentialAction\":[{\"@type\":\"ReadAction\",\"target\":[\"https:\\\/\\\/tcrplastics.eu\\\/es\\\/esg\\\/\"]}]},{\"@type\":\"WebSite\",\"@id\":\"https:\\\/\\\/tcrplastics.eu\\\/es\\\/#website\",\"url\":\"https:\\\/\\\/tcrplastics.eu\\\/es\\\/\",\"name\":\"TCR Plastics\",\"description\":\"\",\"publisher\":{\"@id\":\"https:\\\/\\\/tcrplastics.eu\\\/es\\\/#organization\"},\"potentialAction\":[{\"@type\":\"SearchAction\",\"target\":{\"@type\":\"EntryPoint\",\"urlTemplate\":\"https:\\\/\\\/tcrplastics.eu\\\/es\\\/?s={search_term_string}\"},\"query-input\":{\"@type\":\"PropertyValueSpecification\",\"valueRequired\":true,\"valueName\":\"search_term_string\"}}],\"inLanguage\":\"es\"},{\"@type\":\"Organization\",\"@id\":\"https:\\\/\\\/tcrplastics.eu\\\/es\\\/#organization\",\"name\":\"TCR plastics\",\"url\":\"https:\\\/\\\/tcrplastics.eu\\\/es\\\/\",\"logo\":{\"@type\":\"ImageObject\",\"inLanguage\":\"es\",\"@id\":\"https:\\\/\\\/tcrplastics.eu\\\/es\\\/#\\\/schema\\\/logo\\\/image\\\/\",\"url\":\"https:\\\/\\\/tcrplastics.eu\\\/wp-content\\\/uploads\\\/2022\\\/08\\\/header.png\",\"contentUrl\":\"https:\\\/\\\/tcrplastics.eu\\\/wp-content\\\/uploads\\\/2022\\\/08\\\/header.png\",\"width\":747,\"height\":405,\"caption\":\"TCR plastics\"},\"image\":{\"@id\":\"https:\\\/\\\/tcrplastics.eu\\\/es\\\/#\\\/schema\\\/logo\\\/image\\\/\"}}]}<\/script>\n<!-- \/ Yoast SEO plugin. -->","yoast_head_json":{"title":"ESG - TCR Plastics","robots":{"index":"index","follow":"follow","max-snippet":"max-snippet:-1","max-image-preview":"max-image-preview:large","max-video-preview":"max-video-preview:-1"},"canonical":"https:\/\/tcrplastics.eu\/es\/esg\/","og_locale":"es_ES","og_type":"article","og_title":"ESG - TCR Plastics","og_description":"[vc_row type=\u00bbfull_width_content\u00bb full_screen_row_position=\u00bbmiddle\u00bb column_margin=\u00bbdefault\u00bb equal_height=\u00bbyes\u00bb content_placement=\u00bbmiddle\u00bb column_direction=\u00bbdefault\u00bb column_direction_tablet=\u00bbdefault\u00bb column_direction_phone=\u00bbdefault\u00bb bg_image=\u00bb8049&#8243; bg_position=\u00bbcenter center\u00bb bg_repeat=\u00bbno-repeat\u00bb scene_position=\u00bbcenter\u00bb top_padding=\u00bb10%\u00bb bottom_padding=\u00bb15%\u00bb text_color=\u00bblight\u00bb text_align=\u00bbleft\u00bb row_border_radius=\u00bbnone\u00bb row_border_radius_applies=\u00bbbg\u00bb overlay_strength=\u00bb0.3&#8243; gradient_direction=\u00bbleft_to_right\u00bb shape_divider_position=\u00bbbottom\u00bb bg_image_animation=\u00bbnone\u00bb shape_type=\u00bb\u00bb][vc_column...","og_url":"https:\/\/tcrplastics.eu\/es\/esg\/","og_site_name":"TCR Plastics","article_modified_time":"2024-06-04T14:21:05+00:00","twitter_card":"summary_large_image","twitter_misc":{"Tiempo de lectura":"3 minutos"},"schema":{"@context":"https:\/\/schema.org","@graph":[{"@type":"WebPage","@id":"https:\/\/tcrplastics.eu\/es\/esg\/","url":"https:\/\/tcrplastics.eu\/es\/esg\/","name":"ESG - TCR Plastics","isPartOf":{"@id":"https:\/\/tcrplastics.eu\/es\/#website"},"datePublished":"2024-05-10T09:13:24+00:00","dateModified":"2024-06-04T14:21:05+00:00","inLanguage":"es","potentialAction":[{"@type":"ReadAction","target":["https:\/\/tcrplastics.eu\/es\/esg\/"]}]},{"@type":"WebSite","@id":"https:\/\/tcrplastics.eu\/es\/#website","url":"https:\/\/tcrplastics.eu\/es\/","name":"TCR Plastics","description":"","publisher":{"@id":"https:\/\/tcrplastics.eu\/es\/#organization"},"potentialAction":[{"@type":"SearchAction","target":{"@type":"EntryPoint","urlTemplate":"https:\/\/tcrplastics.eu\/es\/?s={search_term_string}"},"query-input":{"@type":"PropertyValueSpecification","valueRequired":true,"valueName":"search_term_string"}}],"inLanguage":"es"},{"@type":"Organization","@id":"https:\/\/tcrplastics.eu\/es\/#organization","name":"TCR plastics","url":"https:\/\/tcrplastics.eu\/es\/","logo":{"@type":"ImageObject","inLanguage":"es","@id":"https:\/\/tcrplastics.eu\/es\/#\/schema\/logo\/image\/","url":"https:\/\/tcrplastics.eu\/wp-content\/uploads\/2022\/08\/header.png","contentUrl":"https:\/\/tcrplastics.eu\/wp-content\/uploads\/2022\/08\/header.png","width":747,"height":405,"caption":"TCR plastics"},"image":{"@id":"https:\/\/tcrplastics.eu\/es\/#\/schema\/logo\/image\/"}}]}},"_links":{"self":[{"href":"https:\/\/tcrplastics.eu\/es\/wp-json\/wp\/v2\/pages\/8216","targetHints":{"allow":["GET"]}}],"collection":[{"href":"https:\/\/tcrplastics.eu\/es\/wp-json\/wp\/v2\/pages"}],"about":[{"href":"https:\/\/tcrplastics.eu\/es\/wp-json\/wp\/v2\/types\/page"}],"author":[{"embeddable":true,"href":"https:\/\/tcrplastics.eu\/es\/wp-json\/wp\/v2\/users\/1"}],"replies":[{"embeddable":true,"href":"https:\/\/tcrplastics.eu\/es\/wp-json\/wp\/v2\/comments?post=8216"}],"version-history":[{"count":0,"href":"https:\/\/tcrplastics.eu\/es\/wp-json\/wp\/v2\/pages\/8216\/revisions"}],"wp:attachment":[{"href":"https:\/\/tcrplastics.eu\/es\/wp-json\/wp\/v2\/media?parent=8216"}],"curies":[{"name":"wp","href":"https:\/\/api.w.org\/{rel}","templated":true}]}}