{"id":7787,"date":"2018-08-01T19:13:37","date_gmt":"2018-08-01T17:13:37","guid":{"rendered":"https:\/\/tcrplastics.eu\/inicio\/"},"modified":"2023-05-17T13:38:14","modified_gmt":"2023-05-17T11:38:14","slug":"inicio","status":"publish","type":"page","link":"https:\/\/tcrplastics.eu\/es\/inicio\/","title":{"rendered":"Inicio"},"content":{"rendered":"[vc_row type=\u00bbfull_width_content\u00bb full_screen_row_position=\u00bbmiddle\u00bb column_margin=\u00bbdefault\u00bb column_direction=\u00bbdefault\u00bb column_direction_tablet=\u00bbdefault\u00bb column_direction_phone=\u00bbdefault\u00bb scene_position=\u00bbcenter\u00bb text_color=\u00bbdark\u00bb text_align=\u00bbleft\u00bb row_border_radius=\u00bbnone\u00bb row_border_radius_applies=\u00bbbg\u00bb class=\u00bbdesktop_only\u00bb overlay_strength=\u00bb0.3&#8243; gradient_direction=\u00bbleft_to_right\u00bb shape_divider_position=\u00bbbottom\u00bb bg_image_animation=\u00bbnone\u00bb shape_type=\u00bb\u00bb][vc_column column_padding=\u00bbno-extra-padding\u00bb column_padding_tablet=\u00bbinherit\u00bb column_padding_phone=\u00bbinherit\u00bb column_padding_position=\u00bball\u00bb background_color_opacity=\u00bb1&#8243; background_hover_color_opacity=\u00bb1&#8243; column_shadow=\u00bbnone\u00bb column_border_radius=\u00bbnone\u00bb column_link_target=\u00bb_self\u00bb gradient_direction=\u00bbleft_to_right\u00bb overlay_strength=\u00bb0.3&#8243; width=\u00bb1\/1&#8243; tablet_width_inherit=\u00bbdefault\u00bb tablet_text_alignment=\u00bbdefault\u00bb phone_text_alignment=\u00bbdefault\u00bb column_border_width=\u00bbnone\u00bb column_border_style=\u00bbsolid\u00bb bg_image_animation=\u00bbnone\u00bb]<div  data-transition=\"slide\" data-overall_style=\"classic\" data-flexible-height=\"true\" data-animate-in-effect=\"none\" data-fullscreen=\"false\" data-button-sizing=\"regular\" data-button-styling=\"btn_with_count\" data-autorotate=\"\" data-parallax=\"false\" data-parallax-disable-mobile=\"\" data-caption-trans=\"fade_in_from_bottom\" data-parallax-style=\"bg_only\" data-bg-animation=\"ken_burns\" data-full-width=\"false\" class=\"nectar-slider-wrap \" id=\"nectar-slider-instance-1\"><div class=\"swiper-container\"  data-tho=\"auto\" data-tco=\"auto\" data-pho=\"auto\" data-pco=\"auto\" data-loop=\"false\" data-height=\"775\" data-min-height=\"\" data-arrows=\"false\" data-bullets=\"false\" data-bullet_style=\"see_through\" data-bullet_position=\"bottom\" data-desktop-swipe=\"false\" data-settings=\"\"> <div class=\"swiper-wrapper\"><div class=\"swiper-slide\" data-desktop-content-width=\"auto\" data-tablet-content-width=\"auto\" data-bg-alignment=\"center\" data-color-scheme=\"light\" data-x-pos=\"left\" data-y-pos=\"middle\" ><div class=\"slide-bg-wrap\"><div class=\"image-bg\" style=\"background-image: url(https:\/\/tcrplastics.eu\/wp-content\/uploads\/2022\/10\/TCR-Plastics_DSC8914-kopieren-2-scaled.jpg);\"> &nbsp; <\/div><\/div><div class=\"container\">\r\n\t\t\t\t\t\t<div class=\"content\"><h2>Pasi\u00f3n por los pol\u00edmeros<\/h2><div class=\"buttons\"><div class=\"button solid_color\">\r\n\t\t\t\t\t\t\t\t\t\t <a class=\"extra-color-gradient-1\" href=\"https:\/\/tcrplastics.eu\/es\/tcr-plastics\/\">Seguir leyendo<\/a>\r\n\t\t\t\t\t\t\t\t\t\t<\/div><\/div><\/div>\r\n\t\t\t\t\t\t\t\t<\/div><!--\/container--><div class=\"video-texture \"> <span class=\"ie-fix\"><\/span> <\/div><\/div> <!--\/swiper-slide--><\/div><div class=\"nectar-slider-loading \"> <span class=\"loading-icon none\">   <\/span> <\/div> <\/div> \r\n\t\t\t\t\t\r\n\t\t\t\t\t<\/div>[\/vc_column][\/vc_row][vc_row type=\u00bbfull_width_content\u00bb full_screen_row_position=\u00bbmiddle\u00bb column_margin=\u00bbdefault\u00bb column_direction=\u00bbdefault\u00bb column_direction_tablet=\u00bbdefault\u00bb column_direction_phone=\u00bbdefault\u00bb bg_image=\u00bb6848&#8243; bg_position=\u00bbcenter center\u00bb bg_repeat=\u00bbno-repeat\u00bb scene_position=\u00bbcenter\u00bb top_padding=\u00bb150&#8243; bottom_padding=\u00bb150&#8243; left_padding_desktop=\u00bb5%\u00bb right_padding_desktop=\u00bb5%\u00bb text_color=\u00bbdark\u00bb text_align=\u00bbleft\u00bb row_border_radius=\u00bbnone\u00bb row_border_radius_applies=\u00bbbg\u00bb class=\u00bbmobile_only\u00bb color_overlay=\u00bb#0a0a0a\u00bb overlay_strength=\u00bb0.3&#8243; gradient_direction=\u00bbleft_to_right\u00bb shape_divider_position=\u00bbbottom\u00bb bg_image_animation=\u00bbnone\u00bb shape_type=\u00bb\u00bb][vc_column column_padding=\u00bbno-extra-padding\u00bb column_padding_tablet=\u00bbinherit\u00bb column_padding_phone=\u00bbinherit\u00bb column_padding_position=\u00bball\u00bb background_color_opacity=\u00bb1&#8243; background_hover_color_opacity=\u00bb1&#8243; column_shadow=\u00bbnone\u00bb column_border_radius=\u00bbnone\u00bb column_link_target=\u00bb_self\u00bb gradient_direction=\u00bbleft_to_right\u00bb overlay_strength=\u00bb0.3&#8243; width=\u00bb1\/1&#8243; tablet_width_inherit=\u00bbdefault\u00bb tablet_text_alignment=\u00bbdefault\u00bb phone_text_alignment=\u00bbdefault\u00bb column_border_width=\u00bbnone\u00bb column_border_style=\u00bbsolid\u00bb bg_image_animation=\u00bbnone\u00bb][vc_column_text]\n<h2 style=\"color: #fff;\">Pasi\u00f3n por los pol\u00edmeros<\/h2>\n[\/vc_column_text][nectar_btn size=\u00bbmedium\u00bb button_style=\u00bbregular-tilt\u00bb button_color=\u00bbAccent-Color\u00bb color_override=\u00bb#56b057&#8243; icon_family=\u00bbnone\u00bb el_class=\u00bbud_button\u00bb text=\u00bbSeguir leyendo\u00bb url=\u00bbhttps:\/\/tcrplastics.eu\/?page_id=173&#8243;][\/vc_column][\/vc_row]\n","protected":false},"excerpt":{"rendered":"<p>[vc_row type=\u00bbfull_width_content\u00bb full_screen_row_position=\u00bbmiddle\u00bb column_margin=\u00bbdefault\u00bb column_direction=\u00bbdefault\u00bb column_direction_tablet=\u00bbdefault\u00bb column_direction_phone=\u00bbdefault\u00bb scene_position=\u00bbcenter\u00bb text_color=\u00bbdark\u00bb text_align=\u00bbleft\u00bb row_border_radius=\u00bbnone\u00bb row_border_radius_applies=\u00bbbg\u00bb class=\u00bbdesktop_only\u00bb overlay_strength=\u00bb0.3&#8243; gradient_direction=\u00bbleft_to_right\u00bb shape_divider_position=\u00bbbottom\u00bb bg_image_animation=\u00bbnone\u00bb shape_type=\u00bb\u00bb][vc_column column_padding=\u00bbno-extra-padding\u00bb column_padding_tablet=\u00bbinherit\u00bb column_padding_phone=\u00bbinherit\u00bb column_padding_position=\u00bball\u00bb background_color_opacity=\u00bb1&#8243; background_hover_color_opacity=\u00bb1&#8243; column_shadow=\u00bbnone\u00bb&#8230;<\/p>\n","protected":false},"author":1,"featured_media":0,"parent":0,"menu_order":0,"comment_status":"closed","ping_status":"closed","template":"","meta":{"_monsterinsights_skip_tracking":false,"_monsterinsights_sitenote_active":false,"_monsterinsights_sitenote_note":"","_monsterinsights_sitenote_category":0,"footnotes":""},"class_list":["post-7787","page","type-page","status-publish"],"yoast_head":"<!-- This site is optimized with the Yoast SEO plugin v27.5 - https:\/\/yoast.com\/product\/yoast-seo-wordpress\/ -->\n<title>Mantener la reputaci\u00f3n | TCR Plastics<\/title>\n<meta name=\"description\" content=\"TCR Plastics ha operado en la industria de materias primas pl\u00e1sticas desde 1981, especializ\u00e1ndonos como proveedor y distribuidor de poliolefinas.\" \/>\n<meta name=\"robots\" content=\"index, follow, max-snippet:-1, max-image-preview:large, max-video-preview:-1\" \/>\n<link rel=\"canonical\" href=\"https:\/\/tcrplastics.eu\/es\/inicio\/\" \/>\n<meta property=\"og:locale\" content=\"es_ES\" \/>\n<meta property=\"og:type\" content=\"article\" \/>\n<meta property=\"og:title\" content=\"Mantener la reputaci\u00f3n | TCR Plastics\" \/>\n<meta property=\"og:description\" content=\"TCR Plastics ha operado en la industria de materias primas pl\u00e1sticas desde 1981, especializ\u00e1ndonos como proveedor y distribuidor de poliolefinas.\" \/>\n<meta property=\"og:url\" content=\"https:\/\/tcrplastics.eu\/es\/inicio\/\" \/>\n<meta property=\"og:site_name\" content=\"TCR Plastics\" \/>\n<meta property=\"article:modified_time\" content=\"2023-05-17T11:38:14+00:00\" \/>\n<meta name=\"twitter:card\" content=\"summary_large_image\" \/>\n<meta name=\"twitter:label1\" content=\"Tiempo de lectura\" \/>\n\t<meta name=\"twitter:data1\" content=\"1 minuto\" \/>\n<script type=\"application\/ld+json\" class=\"yoast-schema-graph\">{\"@context\":\"https:\\\/\\\/schema.org\",\"@graph\":[{\"@type\":\"WebPage\",\"@id\":\"https:\\\/\\\/tcrplastics.eu\\\/es\\\/inicio\\\/\",\"url\":\"https:\\\/\\\/tcrplastics.eu\\\/es\\\/inicio\\\/\",\"name\":\"Mantener la reputaci\u00f3n | TCR Plastics\",\"isPartOf\":{\"@id\":\"https:\\\/\\\/tcrplastics.eu\\\/es\\\/#website\"},\"datePublished\":\"2018-08-01T17:13:37+00:00\",\"dateModified\":\"2023-05-17T11:38:14+00:00\",\"description\":\"TCR Plastics ha operado en la industria de materias primas pl\u00e1sticas desde 1981, especializ\u00e1ndonos como proveedor y distribuidor de poliolefinas.\",\"inLanguage\":\"es\",\"potentialAction\":[{\"@type\":\"ReadAction\",\"target\":[\"https:\\\/\\\/tcrplastics.eu\\\/es\\\/inicio\\\/\"]}]},{\"@type\":\"WebSite\",\"@id\":\"https:\\\/\\\/tcrplastics.eu\\\/es\\\/#website\",\"url\":\"https:\\\/\\\/tcrplastics.eu\\\/es\\\/\",\"name\":\"TCR Plastics\",\"description\":\"\",\"publisher\":{\"@id\":\"https:\\\/\\\/tcrplastics.eu\\\/es\\\/#organization\"},\"potentialAction\":[{\"@type\":\"SearchAction\",\"target\":{\"@type\":\"EntryPoint\",\"urlTemplate\":\"https:\\\/\\\/tcrplastics.eu\\\/es\\\/?s={search_term_string}\"},\"query-input\":{\"@type\":\"PropertyValueSpecification\",\"valueRequired\":true,\"valueName\":\"search_term_string\"}}],\"inLanguage\":\"es\"},{\"@type\":\"Organization\",\"@id\":\"https:\\\/\\\/tcrplastics.eu\\\/es\\\/#organization\",\"name\":\"TCR plastics\",\"url\":\"https:\\\/\\\/tcrplastics.eu\\\/es\\\/\",\"logo\":{\"@type\":\"ImageObject\",\"inLanguage\":\"es\",\"@id\":\"https:\\\/\\\/tcrplastics.eu\\\/es\\\/#\\\/schema\\\/logo\\\/image\\\/\",\"url\":\"https:\\\/\\\/tcrplastics.eu\\\/wp-content\\\/uploads\\\/2022\\\/08\\\/header.png\",\"contentUrl\":\"https:\\\/\\\/tcrplastics.eu\\\/wp-content\\\/uploads\\\/2022\\\/08\\\/header.png\",\"width\":747,\"height\":405,\"caption\":\"TCR plastics\"},\"image\":{\"@id\":\"https:\\\/\\\/tcrplastics.eu\\\/es\\\/#\\\/schema\\\/logo\\\/image\\\/\"}}]}<\/script>\n<!-- \/ Yoast SEO plugin. -->","yoast_head_json":{"title":"Mantener la reputaci\u00f3n | TCR Plastics","description":"TCR Plastics ha operado en la industria de materias primas pl\u00e1sticas desde 1981, especializ\u00e1ndonos como proveedor y distribuidor de poliolefinas.","robots":{"index":"index","follow":"follow","max-snippet":"max-snippet:-1","max-image-preview":"max-image-preview:large","max-video-preview":"max-video-preview:-1"},"canonical":"https:\/\/tcrplastics.eu\/es\/inicio\/","og_locale":"es_ES","og_type":"article","og_title":"Mantener la reputaci\u00f3n | TCR Plastics","og_description":"TCR Plastics ha operado en la industria de materias primas pl\u00e1sticas desde 1981, especializ\u00e1ndonos como proveedor y distribuidor de poliolefinas.","og_url":"https:\/\/tcrplastics.eu\/es\/inicio\/","og_site_name":"TCR Plastics","article_modified_time":"2023-05-17T11:38:14+00:00","twitter_card":"summary_large_image","twitter_misc":{"Tiempo de lectura":"1 minuto"},"schema":{"@context":"https:\/\/schema.org","@graph":[{"@type":"WebPage","@id":"https:\/\/tcrplastics.eu\/es\/inicio\/","url":"https:\/\/tcrplastics.eu\/es\/inicio\/","name":"Mantener la reputaci\u00f3n | TCR Plastics","isPartOf":{"@id":"https:\/\/tcrplastics.eu\/es\/#website"},"datePublished":"2018-08-01T17:13:37+00:00","dateModified":"2023-05-17T11:38:14+00:00","description":"TCR Plastics ha operado en la industria de materias primas pl\u00e1sticas desde 1981, especializ\u00e1ndonos como proveedor y distribuidor de poliolefinas.","inLanguage":"es","potentialAction":[{"@type":"ReadAction","target":["https:\/\/tcrplastics.eu\/es\/inicio\/"]}]},{"@type":"WebSite","@id":"https:\/\/tcrplastics.eu\/es\/#website","url":"https:\/\/tcrplastics.eu\/es\/","name":"TCR Plastics","description":"","publisher":{"@id":"https:\/\/tcrplastics.eu\/es\/#organization"},"potentialAction":[{"@type":"SearchAction","target":{"@type":"EntryPoint","urlTemplate":"https:\/\/tcrplastics.eu\/es\/?s={search_term_string}"},"query-input":{"@type":"PropertyValueSpecification","valueRequired":true,"valueName":"search_term_string"}}],"inLanguage":"es"},{"@type":"Organization","@id":"https:\/\/tcrplastics.eu\/es\/#organization","name":"TCR plastics","url":"https:\/\/tcrplastics.eu\/es\/","logo":{"@type":"ImageObject","inLanguage":"es","@id":"https:\/\/tcrplastics.eu\/es\/#\/schema\/logo\/image\/","url":"https:\/\/tcrplastics.eu\/wp-content\/uploads\/2022\/08\/header.png","contentUrl":"https:\/\/tcrplastics.eu\/wp-content\/uploads\/2022\/08\/header.png","width":747,"height":405,"caption":"TCR plastics"},"image":{"@id":"https:\/\/tcrplastics.eu\/es\/#\/schema\/logo\/image\/"}}]}},"_links":{"self":[{"href":"https:\/\/tcrplastics.eu\/es\/wp-json\/wp\/v2\/pages\/7787","targetHints":{"allow":["GET"]}}],"collection":[{"href":"https:\/\/tcrplastics.eu\/es\/wp-json\/wp\/v2\/pages"}],"about":[{"href":"https:\/\/tcrplastics.eu\/es\/wp-json\/wp\/v2\/types\/page"}],"author":[{"embeddable":true,"href":"https:\/\/tcrplastics.eu\/es\/wp-json\/wp\/v2\/users\/1"}],"replies":[{"embeddable":true,"href":"https:\/\/tcrplastics.eu\/es\/wp-json\/wp\/v2\/comments?post=7787"}],"version-history":[{"count":0,"href":"https:\/\/tcrplastics.eu\/es\/wp-json\/wp\/v2\/pages\/7787\/revisions"}],"wp:attachment":[{"href":"https:\/\/tcrplastics.eu\/es\/wp-json\/wp\/v2\/media?parent=7787"}],"curies":[{"name":"wp","href":"https:\/\/api.w.org\/{rel}","templated":true}]}}