{"id":7772,"date":"2022-08-08T14:10:33","date_gmt":"2022-08-08T12:10:33","guid":{"rendered":"https:\/\/tcrplastics.eu\/tcr-group\/"},"modified":"2023-05-17T13:38:49","modified_gmt":"2023-05-17T11:38:49","slug":"tcr-group","status":"publish","type":"page","link":"https:\/\/tcrplastics.eu\/es\/tcr-group\/","title":{"rendered":"TCR Group"},"content":{"rendered":"[vc_row type=\u00bbfull_width_content\u00bb full_screen_row_position=\u00bbmiddle\u00bb column_margin=\u00bbdefault\u00bb equal_height=\u00bbyes\u00bb content_placement=\u00bbmiddle\u00bb column_direction=\u00bbdefault\u00bb column_direction_tablet=\u00bbdefault\u00bb column_direction_phone=\u00bbdefault\u00bb scene_position=\u00bbcenter\u00bb text_color=\u00bbdark\u00bb text_align=\u00bbleft\u00bb row_border_radius=\u00bbnone\u00bb row_border_radius_applies=\u00bbbg\u00bb overlay_strength=\u00bb1&#8243; gradient_direction=\u00bbleft_to_right\u00bb shape_divider_position=\u00bbbottom\u00bb bg_image_animation=\u00bbnone\u00bb shape_type=\u00bb\u00bb][vc_column column_padding=\u00bbpadding-6-percent\u00bb column_padding_tablet=\u00bbinherit\u00bb column_padding_phone=\u00bbinherit\u00bb column_padding_position=\u00bball\u00bb centered_text=\u00bbtrue\u00bb background_color=\u00bb#ffffff\u00bb background_color_opacity=\u00bb1&#8243; background_hover_color_opacity=\u00bb1&#8243; column_shadow=\u00bbnone\u00bb column_border_radius=\u00bbnone\u00bb column_link_target=\u00bb_self\u00bb gradient_direction=\u00bbleft_to_right\u00bb overlay_strength=\u00bb0.3&#8243; width=\u00bb2\/5&#8243; tablet_width_inherit=\u00bbdefault\u00bb tablet_text_alignment=\u00bbdefault\u00bb phone_text_alignment=\u00bbdefault\u00bb column_border_width=\u00bbnone\u00bb column_border_style=\u00bbsolid\u00bb bg_image_animation=\u00bbnone\u00bb][nectar_icon icon_family=\u00bblinea\u00bb icon_style=\u00bbsoft-bg\u00bb icon_color_type=\u00bbcolor_scheme\u00bb icon_color=\u00bbextra-color-gradient-1&#8243; icon_padding=\u00bb15px\u00bb url=\u00bb#\u00bb margin_bottom=\u00bb10&#8243; icon_size=\u00bb20&#8243; icon_linea=\u00bbicon-arrows-stretch-horizontal2&#8243;][divider line_type=\u00bbNo Line\u00bb custom_height=\u00bb10&#8243;][vc_column_text max_width=\u00bb500&#8243;]<strong>TCR Plastics<br \/>\n<\/strong>TCR Plastics ha sido proveedor y distribuidor de polipropileno y polietileno desde 1981. La empresa opera en todo el mundo desde su sede en Breda, Pa\u00edses Bajos.[\/vc_column_text][nectar_cta btn_style=\u00bbsee-through\u00bb heading_tag=\u00bbh6&#8243; button_color=\u00bbdefault\u00bb link_type=\u00bbnew_tab\u00bb alignment=\u00bbcenter\u00bb display=\u00bbblock\u00bb text=\u00bbSeguir leyendo\u00bb url=\u00bbhttps:\/\/tcrplastics.eu\/?page_id=173&#8243;][divider line_type=\u00bbNo Line\u00bb custom_height=\u00bb50&#8243;][nectar_icon icon_family=\u00bbiconsmind\u00bb icon_style=\u00bbsoft-bg\u00bb icon_color_type=\u00bbcolor_scheme\u00bb icon_color=\u00bbextra-color-gradient-1&#8243; icon_padding=\u00bb15px\u00bb icon_iconsmind=\u00bbiconsmind-Recycling-2&#8243; url=\u00bb#\u00bb margin_bottom=\u00bb10&#8243; icon_size=\u00bb20&#8243;][divider line_type=\u00bbNo Line\u00bb custom_height=\u00bb10&#8243;][vc_column_text max_width=\u00bb500&#8243;]<strong>Blue Plastics<br \/>\n<\/strong>Blue Plastics, una empresa especializada en el reciclaje mec\u00e1nico de pl\u00e1stico, desarroll\u00f3 una tecnolog\u00eda revolucionaria de lavado para pl\u00e1stico flexible (pel\u00edcula de polietileno). TCR comercializar\u00e1 gr\u00e1nulos de Blue Plastics en un futuro cercano, promoviendo el uso circular del pl\u00e1stico.[\/vc_column_text][divider line_type=\u00bbNo Line\u00bb custom_height=\u00bb10&#8243;][nectar_cta btn_style=\u00bbsee-through\u00bb heading_tag=\u00bbh6&#8243; button_color=\u00bbdefault\u00bb link_type=\u00bbnew_tab\u00bb alignment=\u00bbcenter\u00bb display=\u00bbblock\u00bb text=\u00bbSeguir leyendo\u00bb url=\u00bbhttps:\/\/blueplastics.nl\u00bb][divider line_type=\u00bbNo Line\u00bb custom_height=\u00bb50&#8243;][nectar_icon icon_family=\u00bbiconsmind\u00bb icon_style=\u00bbsoft-bg\u00bb icon_color_type=\u00bbcolor_scheme\u00bb icon_color=\u00bbextra-color-gradient-1&#8243; icon_padding=\u00bb15px\u00bb icon_iconsmind=\u00bbiconsmind-Recycling\u00bb url=\u00bb#\u00bb margin_bottom=\u00bb10&#8243; icon_size=\u00bb20&#8243;][divider line_type=\u00bbNo Line\u00bb custom_height=\u00bb10&#8243;][vc_column_text max_width=\u00bb500&#8243;]<strong>Ovimo Plastics<br \/>\n<\/strong>Desde 1997, Ovimo Plastics ha sido proveedor de regeneraci\u00f3n y granulaci\u00f3n. Tanto de producci\u00f3n propia como de socios confiables, contribuyendo as\u00ed al proceso de reciclaje.[\/vc_column_text][nectar_cta btn_style=\u00bbsee-through\u00bb heading_tag=\u00bbh6&#8243; button_color=\u00bbdefault\u00bb link_type=\u00bbnew_tab\u00bb alignment=\u00bbcenter\u00bb display=\u00bbblock\u00bb text=\u00bbSeguir leyendo\u00bb url=\u00bbhttps:\/\/www.ovimoplastics.eu\u00bb][divider line_type=\u00bbNo Line\u00bb custom_height=\u00bb50&#8243;][\/vc_column][vc_column column_padding=\u00bbpadding-10-percent\u00bb column_padding_tablet=\u00bbinherit\u00bb column_padding_phone=\u00bbinherit\u00bb column_padding_position=\u00bball\u00bb centered_text=\u00bbtrue\u00bb background_color_opacity=\u00bb0.1&#8243; background_hover_color_opacity=\u00bb0.1&#8243; background_image=\u00bb7123&#8243; background_image_position=\u00bbcenter center\u00bb font_color=\u00bb#ffffff\u00bb column_shadow=\u00bbnone\u00bb column_border_radius=\u00bbnone\u00bb column_link_target=\u00bb_self\u00bb gradient_direction=\u00bbleft_to_right\u00bb overlay_strength=\u00bb0.3&#8243; width=\u00bb3\/5&#8243; tablet_width_inherit=\u00bbdefault\u00bb tablet_text_alignment=\u00bbdefault\u00bb phone_text_alignment=\u00bbdefault\u00bb column_border_width=\u00bbnone\u00bb column_border_style=\u00bbsolid\u00bb bg_image_animation=\u00bbnone\u00bb][\/vc_column][\/vc_row]\n","protected":false},"excerpt":{"rendered":"<p>[vc_row type=\u00bbfull_width_content\u00bb full_screen_row_position=\u00bbmiddle\u00bb column_margin=\u00bbdefault\u00bb equal_height=\u00bbyes\u00bb content_placement=\u00bbmiddle\u00bb column_direction=\u00bbdefault\u00bb column_direction_tablet=\u00bbdefault\u00bb column_direction_phone=\u00bbdefault\u00bb scene_position=\u00bbcenter\u00bb text_color=\u00bbdark\u00bb text_align=\u00bbleft\u00bb row_border_radius=\u00bbnone\u00bb row_border_radius_applies=\u00bbbg\u00bb overlay_strength=\u00bb1&#8243; gradient_direction=\u00bbleft_to_right\u00bb shape_divider_position=\u00bbbottom\u00bb bg_image_animation=\u00bbnone\u00bb shape_type=\u00bb\u00bb][vc_column column_padding=\u00bbpadding-6-percent\u00bb column_padding_tablet=\u00bbinherit\u00bb column_padding_phone=\u00bbinherit\u00bb column_padding_position=\u00bball\u00bb centered_text=\u00bbtrue\u00bb background_color=\u00bb#ffffff\u00bb&#8230;<\/p>\n","protected":false},"author":1,"featured_media":0,"parent":0,"menu_order":0,"comment_status":"closed","ping_status":"closed","template":"","meta":{"_monsterinsights_skip_tracking":false,"_monsterinsights_sitenote_active":false,"_monsterinsights_sitenote_note":"","_monsterinsights_sitenote_category":0,"footnotes":""},"class_list":["post-7772","page","type-page","status-publish"],"yoast_head":"<!-- This site is optimized with the Yoast SEO plugin v27.4 - https:\/\/yoast.com\/product\/yoast-seo-wordpress\/ -->\n<title>TCR Plastics, Blue Plastics, Ovimo Plastics | TCR Group<\/title>\n<meta name=\"description\" content=\"TCR Group est\u00e1 formado por varias empresas: TCR Plastics, Blue Plastics y Ovimo Plastics. M\u00e1s informaci\u00f3n aqu\u00ed.\" \/>\n<meta name=\"robots\" content=\"index, follow, max-snippet:-1, max-image-preview:large, max-video-preview:-1\" \/>\n<link rel=\"canonical\" href=\"https:\/\/tcrplastics.eu\/es\/tcr-group\/\" \/>\n<meta property=\"og:locale\" content=\"es_ES\" \/>\n<meta property=\"og:type\" content=\"article\" \/>\n<meta property=\"og:title\" content=\"TCR Plastics, Blue Plastics, Ovimo Plastics | TCR Group\" \/>\n<meta property=\"og:description\" content=\"TCR Group est\u00e1 formado por varias empresas: TCR Plastics, Blue Plastics y Ovimo Plastics. M\u00e1s informaci\u00f3n aqu\u00ed.\" \/>\n<meta property=\"og:url\" content=\"https:\/\/tcrplastics.eu\/es\/tcr-group\/\" \/>\n<meta property=\"og:site_name\" content=\"TCR Plastics\" \/>\n<meta property=\"article:modified_time\" content=\"2023-05-17T11:38:49+00:00\" \/>\n<meta name=\"twitter:card\" content=\"summary_large_image\" \/>\n<meta name=\"twitter:label1\" content=\"Tiempo de lectura\" \/>\n\t<meta name=\"twitter:data1\" content=\"2 minutos\" \/>\n<script type=\"application\/ld+json\" class=\"yoast-schema-graph\">{\"@context\":\"https:\\\/\\\/schema.org\",\"@graph\":[{\"@type\":\"WebPage\",\"@id\":\"https:\\\/\\\/tcrplastics.eu\\\/es\\\/tcr-group\\\/\",\"url\":\"https:\\\/\\\/tcrplastics.eu\\\/es\\\/tcr-group\\\/\",\"name\":\"TCR Plastics, Blue Plastics, Ovimo Plastics | TCR Group\",\"isPartOf\":{\"@id\":\"https:\\\/\\\/tcrplastics.eu\\\/es\\\/#website\"},\"datePublished\":\"2022-08-08T12:10:33+00:00\",\"dateModified\":\"2023-05-17T11:38:49+00:00\",\"description\":\"TCR Group est\u00e1 formado por varias empresas: TCR Plastics, Blue Plastics y Ovimo Plastics. M\u00e1s informaci\u00f3n aqu\u00ed.\",\"inLanguage\":\"es\",\"potentialAction\":[{\"@type\":\"ReadAction\",\"target\":[\"https:\\\/\\\/tcrplastics.eu\\\/es\\\/tcr-group\\\/\"]}]},{\"@type\":\"WebSite\",\"@id\":\"https:\\\/\\\/tcrplastics.eu\\\/es\\\/#website\",\"url\":\"https:\\\/\\\/tcrplastics.eu\\\/es\\\/\",\"name\":\"TCR Plastics\",\"description\":\"\",\"publisher\":{\"@id\":\"https:\\\/\\\/tcrplastics.eu\\\/es\\\/#organization\"},\"potentialAction\":[{\"@type\":\"SearchAction\",\"target\":{\"@type\":\"EntryPoint\",\"urlTemplate\":\"https:\\\/\\\/tcrplastics.eu\\\/es\\\/?s={search_term_string}\"},\"query-input\":{\"@type\":\"PropertyValueSpecification\",\"valueRequired\":true,\"valueName\":\"search_term_string\"}}],\"inLanguage\":\"es\"},{\"@type\":\"Organization\",\"@id\":\"https:\\\/\\\/tcrplastics.eu\\\/es\\\/#organization\",\"name\":\"TCR plastics\",\"url\":\"https:\\\/\\\/tcrplastics.eu\\\/es\\\/\",\"logo\":{\"@type\":\"ImageObject\",\"inLanguage\":\"es\",\"@id\":\"https:\\\/\\\/tcrplastics.eu\\\/es\\\/#\\\/schema\\\/logo\\\/image\\\/\",\"url\":\"https:\\\/\\\/tcrplastics.eu\\\/wp-content\\\/uploads\\\/2022\\\/08\\\/header.png\",\"contentUrl\":\"https:\\\/\\\/tcrplastics.eu\\\/wp-content\\\/uploads\\\/2022\\\/08\\\/header.png\",\"width\":747,\"height\":405,\"caption\":\"TCR plastics\"},\"image\":{\"@id\":\"https:\\\/\\\/tcrplastics.eu\\\/es\\\/#\\\/schema\\\/logo\\\/image\\\/\"}}]}<\/script>\n<!-- \/ Yoast SEO plugin. -->","yoast_head_json":{"title":"TCR Plastics, Blue Plastics, Ovimo Plastics | TCR Group","description":"TCR Group est\u00e1 formado por varias empresas: TCR Plastics, Blue Plastics y Ovimo Plastics. M\u00e1s informaci\u00f3n aqu\u00ed.","robots":{"index":"index","follow":"follow","max-snippet":"max-snippet:-1","max-image-preview":"max-image-preview:large","max-video-preview":"max-video-preview:-1"},"canonical":"https:\/\/tcrplastics.eu\/es\/tcr-group\/","og_locale":"es_ES","og_type":"article","og_title":"TCR Plastics, Blue Plastics, Ovimo Plastics | TCR Group","og_description":"TCR Group est\u00e1 formado por varias empresas: TCR Plastics, Blue Plastics y Ovimo Plastics. M\u00e1s informaci\u00f3n aqu\u00ed.","og_url":"https:\/\/tcrplastics.eu\/es\/tcr-group\/","og_site_name":"TCR Plastics","article_modified_time":"2023-05-17T11:38:49+00:00","twitter_card":"summary_large_image","twitter_misc":{"Tiempo de lectura":"2 minutos"},"schema":{"@context":"https:\/\/schema.org","@graph":[{"@type":"WebPage","@id":"https:\/\/tcrplastics.eu\/es\/tcr-group\/","url":"https:\/\/tcrplastics.eu\/es\/tcr-group\/","name":"TCR Plastics, Blue Plastics, Ovimo Plastics | TCR Group","isPartOf":{"@id":"https:\/\/tcrplastics.eu\/es\/#website"},"datePublished":"2022-08-08T12:10:33+00:00","dateModified":"2023-05-17T11:38:49+00:00","description":"TCR Group est\u00e1 formado por varias empresas: TCR Plastics, Blue Plastics y Ovimo Plastics. M\u00e1s informaci\u00f3n aqu\u00ed.","inLanguage":"es","potentialAction":[{"@type":"ReadAction","target":["https:\/\/tcrplastics.eu\/es\/tcr-group\/"]}]},{"@type":"WebSite","@id":"https:\/\/tcrplastics.eu\/es\/#website","url":"https:\/\/tcrplastics.eu\/es\/","name":"TCR Plastics","description":"","publisher":{"@id":"https:\/\/tcrplastics.eu\/es\/#organization"},"potentialAction":[{"@type":"SearchAction","target":{"@type":"EntryPoint","urlTemplate":"https:\/\/tcrplastics.eu\/es\/?s={search_term_string}"},"query-input":{"@type":"PropertyValueSpecification","valueRequired":true,"valueName":"search_term_string"}}],"inLanguage":"es"},{"@type":"Organization","@id":"https:\/\/tcrplastics.eu\/es\/#organization","name":"TCR plastics","url":"https:\/\/tcrplastics.eu\/es\/","logo":{"@type":"ImageObject","inLanguage":"es","@id":"https:\/\/tcrplastics.eu\/es\/#\/schema\/logo\/image\/","url":"https:\/\/tcrplastics.eu\/wp-content\/uploads\/2022\/08\/header.png","contentUrl":"https:\/\/tcrplastics.eu\/wp-content\/uploads\/2022\/08\/header.png","width":747,"height":405,"caption":"TCR plastics"},"image":{"@id":"https:\/\/tcrplastics.eu\/es\/#\/schema\/logo\/image\/"}}]}},"_links":{"self":[{"href":"https:\/\/tcrplastics.eu\/es\/wp-json\/wp\/v2\/pages\/7772","targetHints":{"allow":["GET"]}}],"collection":[{"href":"https:\/\/tcrplastics.eu\/es\/wp-json\/wp\/v2\/pages"}],"about":[{"href":"https:\/\/tcrplastics.eu\/es\/wp-json\/wp\/v2\/types\/page"}],"author":[{"embeddable":true,"href":"https:\/\/tcrplastics.eu\/es\/wp-json\/wp\/v2\/users\/1"}],"replies":[{"embeddable":true,"href":"https:\/\/tcrplastics.eu\/es\/wp-json\/wp\/v2\/comments?post=7772"}],"version-history":[{"count":0,"href":"https:\/\/tcrplastics.eu\/es\/wp-json\/wp\/v2\/pages\/7772\/revisions"}],"wp:attachment":[{"href":"https:\/\/tcrplastics.eu\/es\/wp-json\/wp\/v2\/media?parent=7772"}],"curies":[{"name":"wp","href":"https:\/\/api.w.org\/{rel}","templated":true}]}}